{"id":20,"date":"2026-03-29T15:06:15","date_gmt":"2026-03-29T15:06:15","guid":{"rendered":"http:\/\/bgmhydraulika.pl\/?page_id=20"},"modified":"2026-03-29T20:36:16","modified_gmt":"2026-03-29T20:36:16","slug":"o-firmie","status":"publish","type":"page","link":"https:\/\/bgmhydraulika.pl\/","title":{"rendered":"Strona w budowie"},"content":{"rendered":"\t\t<div data-elementor-type=\"wp-page\" data-elementor-id=\"20\" class=\"elementor elementor-20\">\n\t\t\t\t<div class=\"elementor-element elementor-element-92b20cc e-con-full e-flex e-con e-parent\" data-id=\"92b20cc\" data-element_type=\"container\" data-e-type=\"container\" data-settings=\"{&quot;background_background&quot;:&quot;classic&quot;}\">\n\t\t\t\t<div class=\"elementor-element elementor-element-ef77293 elementor-widget elementor-widget-heading\" data-id=\"ef77293\" data-element_type=\"widget\" data-e-type=\"widget\" data-widget_type=\"heading.default\">\n\t\t\t\t\t<h2 class=\"elementor-heading-title elementor-size-default\">BGM Wytw\u00f3rnia G\u00f3rniczej Armatury Hydraulicznej Bo\u017cek Grzegorz<br>38-321 Mosczenica <br>ul.Gorlicka 556<br>tel 503 383 443<\/h2>\t\t\t\t<\/div>\n\t\t\t\t<\/div>\n\t\t\t\t<\/div>\n\t\t","protected":false},"excerpt":{"rendered":"<p>BGM Wytw\u00f3rnia G\u00f3rniczej Armatury Hydraulicznej Bo\u017cek Grzegorz38-321 Mosczenica ul.Gorlicka 556tel 503 383 443<\/p>\n","protected":false},"author":1,"featured_media":0,"parent":0,"menu_order":0,"comment_status":"closed","ping_status":"closed","template":"","meta":{"footnotes":""},"class_list":["post-20","page","type-page","status-publish","hentry"],"_links":{"self":[{"href":"https:\/\/bgmhydraulika.pl\/index.php?rest_route=\/wp\/v2\/pages\/20","targetHints":{"allow":["GET"]}}],"collection":[{"href":"https:\/\/bgmhydraulika.pl\/index.php?rest_route=\/wp\/v2\/pages"}],"about":[{"href":"https:\/\/bgmhydraulika.pl\/index.php?rest_route=\/wp\/v2\/types\/page"}],"author":[{"embeddable":true,"href":"https:\/\/bgmhydraulika.pl\/index.php?rest_route=\/wp\/v2\/users\/1"}],"replies":[{"embeddable":true,"href":"https:\/\/bgmhydraulika.pl\/index.php?rest_route=%2Fwp%2Fv2%2Fcomments&post=20"}],"version-history":[{"count":17,"href":"https:\/\/bgmhydraulika.pl\/index.php?rest_route=\/wp\/v2\/pages\/20\/revisions"}],"predecessor-version":[{"id":72,"href":"https:\/\/bgmhydraulika.pl\/index.php?rest_route=\/wp\/v2\/pages\/20\/revisions\/72"}],"wp:attachment":[{"href":"https:\/\/bgmhydraulika.pl\/index.php?rest_route=%2Fwp%2Fv2%2Fmedia&parent=20"}],"curies":[{"name":"wp","href":"https:\/\/api.w.org\/{rel}","templated":true}]}}